{"id":10,"date":"2013-05-08T23:53:31","date_gmt":"2013-05-08T21:53:31","guid":{"rendered":"http:\/\/chesszv.sk\/?page_id=10"},"modified":"2022-11-15T22:46:35","modified_gmt":"2022-11-15T20:46:35","slug":"pripravujeme","status":"publish","type":"page","link":"https:\/\/www.chesszv.sk\/?page_id=10","title":{"rendered":"Arch\u00edv"},"content":{"rendered":"<h2 class=\"gtfy-1 gtfy-2\" style=\"text-align: center;\"><span style=\"color: #ff0000;\">\u00a0<a style=\"color: #ff0000;\" title=\"KALEND\u00c1R\" href=\"https:\/\/www.chess.sk\/index.php?str=kalendar&amp;detail=19\" target=\"_blank\" rel=\"noopener noreferrer\">\u0160ACHOV\u00dd KALEND\u00c1R<\/a><\/span><\/h2>\n<p style=\"text-align: center;\"><b>21.12.2019<br \/>\n<a href=\"https:\/\/chess-results.com\/tnr500789.aspx?lan=4&amp;art=4\">VIANO\u010cN\u00dd \u0160ACHOV\u00dd TURNAJ OPEN \u2013 V\u00ddSLEDKY<\/a><br \/>\n<\/b>\u0160tartovn\u00e1 listina:\u00a0<a href=\"https:\/\/chess-results.com\/tnr500789.aspx?lan=4&amp;art=0\">\u010d\u00edtaj tu<\/a>\u00a0\u00a0 \/\u00a0\u00a0<a href=\"https:\/\/www.facebook.com\/ChessZV-375450726224298\/photos\/?tab=album&amp;album_id=841212566314776\">FOTO<\/a><\/p>\n<p style=\"text-align: center;\"><b>17.12.2016<br \/>\nVIANO\u010cN\u00dd \u0160ACHOV\u00dd \u00a0TURNAJ \u00a0OPEN<br \/>\n<\/b>Re\u0161taur\u00e1cia CENTRUM, Koza\u010dekova 8, ZVOLEN<br \/>\nPropoz\u00edcie:\u00a0\u010d\u00edtaj tu<br \/>\n\u0160tartovn\u00e1 listina:\u00a0\u010d\u00edtaj tu\u00a0\u00a0 \/\u00a0 V\u00fdsledky:\u00a0\u010d\u00edtaj tu\u00a0\u00a0 \/ \u00a0\u00a0<a href=\"https:\/\/www.facebook.com\/pg\/ChessZV-375450726224298\/photos\/?tab=album&amp;album_id=377231452712892\" target=\"_blank\" rel=\"noopener noreferrer\">FOTO<br \/>\n<\/a><a href=\"http:\/\/www.chesszv.sk\/wp-content\/uploads\/20161217_153415.jpg\"><img loading=\"lazy\" decoding=\"async\" class=\"alignnone wp-image-792\" src=\"http:\/\/www.chesszv.sk\/wp-content\/uploads\/20161217_153415-1024x576.jpg\" alt=\"20161217_153415\" width=\"619\" height=\"348\" srcset=\"https:\/\/www.chesszv.sk\/wp-content\/uploads\/20161217_153415-1024x576.jpg 1024w, https:\/\/www.chesszv.sk\/wp-content\/uploads\/20161217_153415-300x169.jpg 300w, https:\/\/www.chesszv.sk\/wp-content\/uploads\/20161217_153415-768x432.jpg 768w\" sizes=\"auto, (max-width: 619px) 100vw, 619px\" \/><br \/>\n<\/a>1.\u00a0miesto: Milan Michali\u010dka, 2.\u00a0miesto: M\u00e1rton Urhegyi, 3.\u00a0miesto: Ladislav Bal\u00e1zs<\/p>\n<p style=\"text-align: center;\"><a href=\"http:\/\/www.chesszv.sk\/wp-content\/uploads\/20161217_153415.jpg\">\u00a0<\/a><\/p>\n<p style=\"text-align: center;\"><b>19.12.2015<br \/>\nVIANO\u010cN\u00dd \u0160ACHOV\u00dd \u00a0TURNAJ \u00a0OPEN<br \/>\n<\/b>Re\u0161taur\u00e1cia CENTRUM, Koza\u010dekova 8, ZVOLEN<\/p>\n<p style=\"text-align: center;\">Propoz\u00edcie: <a href=\"http:\/\/www.chesszv.sk\/DOC\/Vianocny_2015_.pdf\" target=\"_blank\" rel=\"noopener noreferrer\">\u010d\u00edtaj tu<\/a><br \/>\n\u0160tartovn\u00e1 listina: <a title=\"\u0160tartovn\u00e1 listina\" href=\"http:\/\/www.chess-results.com\/tnr200606.aspx?lan=4&amp;art=0&amp;wi=821\" target=\"_blank\" rel=\"noopener noreferrer\">\u010d\u00edtaj tu<\/a>\u00a0\u00a0 \/\u00a0 V\u00fdsledky: <a title=\"V\u00fdsledky\" href=\"http:\/\/www.chess-results.com\/tnr200606.aspx?lan=4&amp;art=4&amp;wi=821\" target=\"_blank\" rel=\"noopener noreferrer\">\u010d\u00edtaj tu<\/a>\u00a0\u00a0 \/ \u00a0 FOTO<\/p>\n<p style=\"text-align: center;\"><img loading=\"lazy\" decoding=\"async\" class=\"alignnone wp-image-664\" src=\"http:\/\/www.chesszv.sk\/wp-content\/uploads\/petran-hlavac-balazs-1024x683.jpg\" alt=\"petran-hlavac-balazs\" width=\"599\" height=\"360\" \/><br \/>\n1.\u00a0miesto: Peter Petran, 2.\u00a0miesto: Peter Hlav\u00e1\u010d, 3.\u00a0miesto: Ladislav Bal\u00e1zs<\/p>\n<h2 align=\"center\">20.12.2014<\/h2>\n<p style=\"text-align: center;\"><b>VIANO\u010cN\u00dd \u0160ACHOV\u00dd \u00a0TURNAJ \u00a0OPEN<br \/>\n<\/b>Re\u0161taur\u00e1cia CENTRUM, Koza\u010dekova 8, ZVOLEN<b><br \/>\n<\/b><\/p>\n<p align=\"center\">Propoz\u00edcie: <span style=\"color: #0000ff;\"><span style=\"color: #0000ff;\">\u010d\u00edtaj<\/span><\/span><span style=\"color: #0000ff;\"><span style=\"color: #0000ff;\"> tu<\/span><\/span><br \/>\n\u0160tartovn\u00e1 listina: <span style=\"color: #0000ff;\">\u010d\u00edtaj tu<\/span>\u00a0\u00a0 \/\u00a0 V\u00fdsledky: <span style=\"color: #0000ff;\">\u010d\u00edtaj tu<\/span>\u00a0\u00a0 \/ \u00a0 <span style=\"color: #0000ff;\">FOTO<\/span><\/p>\n<h2 align=\"center\"><a href=\"http:\/\/www.chesszv.sk\/wp-content\/uploads\/PC203834.jpg\"><img loading=\"lazy\" decoding=\"async\" class=\"alignnone wp-image-372\" src=\"http:\/\/www.chesszv.sk\/wp-content\/uploads\/PC203834-300x225.jpg\" alt=\"OLYMPUS DIGITAL CAMERA\" width=\"360\" height=\"270\" srcset=\"https:\/\/www.chesszv.sk\/wp-content\/uploads\/PC203834-300x225.jpg 300w, https:\/\/www.chesszv.sk\/wp-content\/uploads\/PC203834-1024x768.jpg 1024w, https:\/\/www.chesszv.sk\/wp-content\/uploads\/PC203834.jpg 1800w\" sizes=\"auto, (max-width: 360px) 100vw, 360px\" \/><\/a><\/h2>\n<p style=\"text-align: center;\">V\u00ed\u0165azi: 1. Druska J.\u00a0 2. Pu\u0161k\u00e1r J.\u00a0 3. Petr\u00e1n P.\u00a0 4. Balasz L.<\/p>\n<h2 align=\"center\">8.5.2014<\/h2>\n<p style=\"text-align: center;\"><b>\u0160ACHOV\u00dd \u00a0TURNAJ \u00a0OPEN<br \/>\nO\u00a0CENU EUROPOSLANCA VLADIM\u00cdRA MA\u0147KU<br \/>\n<span style=\"color: #0000ff;\"> 1. cena:\u00a0 4 d\u0148ov\u00fd z\u00e1jazd do Bruselu <\/span><\/b><span style=\"color: #0000ff;\">\/venuje\u00a0europoslanec Ing. V. Ma\u0148ka\/<\/span><\/p>\n<p align=\"center\">Propoz\u00edcie: <span style=\"color: #0000ff;\"><span style=\"color: #0000ff;\">\u010d\u00edtaj tu<\/span><a title=\"open\" href=\"http:\/\/www.chesszv.sk\/DOC\/open-8_5_2014-.doc\" target=\"_blank\" rel=\"noopener noreferrer\"><span style=\"color: #0000ff;\"><br \/>\n<\/span><\/a><\/span><span style=\"color: #000000;\">\u0160tartovn\u00e1 listina:<\/span> <span style=\"color: #0000ff;\"><span style=\"color: #0000ff;\"><span style=\"color: #0000ff;\"><span style=\"color: #0000ff;\">\u010d\u00edtaj tu<\/span><\/span>\u00a0<span style=\"color: #000000;\">\u00a0 \/\u00a0 V\u00fdsledky<\/span><\/span><\/span><span style=\"color: #000000;\">: <\/span><span style=\"color: #000000;\"><span style=\"color: #0000ff;\"><span style=\"color: #0000ff;\"><span style=\"color: #0000ff;\"><span style=\"color: #0000ff;\">\u010d\u00edtaj tu<\/span><\/span><\/span><\/span>\u00a0\u00a0 \/ \u00a0 <\/span><span style=\"color: #ff0000;\">FOTO<\/span><\/p>\n<p align=\"center\"><b><span style=\"color: #0000ff;\"><a href=\"http:\/\/www.chesszv.sk\/wp-content\/uploads\/Vitaz.jpg\"><img loading=\"lazy\" decoding=\"async\" class=\"size-medium wp-image-328 aligncenter\" src=\"http:\/\/www.chesszv.sk\/wp-content\/uploads\/Vitaz-300x168.jpg\" alt=\"Vitaz\" width=\"300\" height=\"168\" srcset=\"https:\/\/www.chesszv.sk\/wp-content\/uploads\/Vitaz-300x168.jpg 300w, https:\/\/www.chesszv.sk\/wp-content\/uploads\/Vitaz-1024x576.jpg 1024w\" sizes=\"auto, (max-width: 300px) 100vw, 300px\" \/><\/a><\/span><\/b><\/p>\n<p align=\"center\">1. J. Druska, 2. P. Petran, 3. V. Giertli<\/p>\n<p align=\"center\"><a title=\"Ing. Vladim\u00edr Ma\u0148ka\" href=\"http:\/\/www.manka.sk\/\" target=\"_blank\" rel=\"noopener noreferrer\"><span style=\"color: #0000ff;\"><span style=\"color: #0000ff;\"><span style=\"color: #ff0000;\">\u0160ACHOV\u00dd TURNAJ PODPORILI:<br \/>\nMESTO ZVOLEN, MSD\u00a0 a europoslanec VLADIM\u00cdR MA\u0147KA<\/span><\/span><\/span><\/a><\/p>\n<p align=\"center\"><img loading=\"lazy\" decoding=\"async\" class=\"alignnone size-medium wp-image-313\" src=\"http:\/\/www.chesszv.sk\/wp-content\/uploads\/manka-232x300.jpg\" alt=\"manka\" width=\"232\" height=\"300\" srcset=\"https:\/\/www.chesszv.sk\/wp-content\/uploads\/manka-232x300.jpg 232w, https:\/\/www.chesszv.sk\/wp-content\/uploads\/manka.jpg 264w\" sizes=\"auto, (max-width: 232px) 100vw, 232px\" \/><\/p>\n<h2 style=\"text-align: center;\">\u00a0Vladim\u00edr Ma\u0148ka<\/h2>\n<h2 style=\"text-align: center;\">spr\u00e1vny Slov\u00e1k pre Eur\u00f3pu<\/h2>\n<h2 align=\"center\">27.4.2014<\/h2>\n<p align=\"center\"><a title=\"CHARISMA \u0160ACH\" href=\"http:\/\/www.chesszv.sk\/DOC\/open-27_04_2014.doc\" target=\"_blank\" rel=\"noopener noreferrer\"><b>1. RO\u010cN\u00cdK \u0160ACHOV\u00c9HO TURNAJA OPEN<br \/>\nO\u00a0CENU <\/b><b>CHARISMA CAF\u00c9<\/b><\/a><\/p>\n<p align=\"center\">\u0160tartovn\u00e1 listina &#8211; <a title=\"\u0160tartovn\u00e1 listina\" href=\"http:\/\/www.chesszv.sk\/DOC\/Charisma_Start_list.xls\" target=\"_blank\" rel=\"noopener noreferrer\">\u010c\u00edtaj tu<\/a><\/p>\n<p align=\"center\">Kone\u010dn\u00e9 poradie &#8211; <a title=\"V\u00fdsledky\" href=\"http:\/\/www.chesszv.sk\/DOC\/Charisma_Vysledky.xls\" target=\"_blank\" rel=\"noopener noreferrer\">\u010c\u00edtaj tu<\/a><\/p>\n<p align=\"center\"><a href=\"http:\/\/www.chesszv.sk\/wp-content\/uploads\/20140427_131952.jpg\"><img loading=\"lazy\" decoding=\"async\" src=\"http:\/\/www.chesszv.sk\/wp-content\/uploads\/20140427_131952-300x168.jpg\" alt=\"20140427_131952\" width=\"300\" height=\"168\" \/><\/a><\/p>\n<h2 style=\"text-align: center;\">\u00a021.12.2013<\/h2>\n<p style=\"text-align: center;\"><span style=\"color: #0000ff;\"><strong>11. RO\u010cN\u00cdK VIANO\u010cN\u00c9HO <strong>\u0160ACHOV\u00c9HO TURNAJA OPEN<br \/>\n<\/strong><\/strong><\/span>O POH\u00c1R PREDSEDU MZ SDK<br \/>\nPropoz\u00edcie: \u010d\u00edtaj tu<br \/>\n\u0160tartovn\u00e1 listina: stiahni tu\u00a0\u00a0 \/\u00a0 V\u00fdsledky: stiahni tu\u00a0 \/\u00a0 FOTO<\/p>\n<p style=\"text-align: center;\"><a href=\"http:\/\/chesszv.sk\/wp-content\/uploads\/PC211634.jpg\"><img loading=\"lazy\" decoding=\"async\" class=\"alignnone size-medium wp-image-267\" src=\"http:\/\/chesszv.sk\/wp-content\/uploads\/PC211634-300x225.jpg\" alt=\"OLYMPUS DIGITAL CAMERA\" width=\"271\" height=\"204\" srcset=\"https:\/\/www.chesszv.sk\/wp-content\/uploads\/PC211634-300x225.jpg 300w, https:\/\/www.chesszv.sk\/wp-content\/uploads\/PC211634-1024x768.jpg 1024w, https:\/\/www.chesszv.sk\/wp-content\/uploads\/PC211634.jpg 1280w\" sizes=\"auto, (max-width: 271px) 100vw, 271px\" \/><\/a><\/p>\n<p style=\"text-align: center;\">1. Kantans, 2. Meskovs, 3. Druska, 4. Giertli, 5. Bednar, 6. Turcer<br \/>\n<a title=\"http:\/\/chess-results.com\/tnr119665.aspx?lan=4\" href=\"http:\/\/chess-results.com\/tnr119665.aspx?lan=4\" target=\"_blank\" rel=\"noopener noreferrer\">chess-results<\/a><\/p>\n<p style=\"text-align: center;\">****************************************************************************<\/p>\n<h2 style=\"text-align: center;\"><a title=\"ARCHIV\" href=\"http:\/\/chesszv.sk\/?page_id=253\">TURNAJE 2013 \/ ARCH\u00cdV<\/a><\/h2>\n<p style=\"text-align: center;\">****************************************************************************<\/p>\n<p style=\"text-align: center;\"><a title=\"\u0160ach na \u0161kol\u00e1ch\" href=\"http:\/\/www.chess.sk\/index.php?str=sach_na_skolach\" target=\"_blank\" rel=\"noopener noreferrer\"><img loading=\"lazy\" decoding=\"async\" class=\"alignnone size-full wp-image-222\" src=\"http:\/\/chesszv.sk\/wp-content\/uploads\/sach_-na_skolach.jpg\" alt=\"sach_ na_skolach\" width=\"83\" height=\"48\" \/><\/a><\/p>\n<p style=\"text-align: center;\"><span style=\"color: #800080;\">PODP<\/span><span style=\"color: #800080;\">ORUJEME MLAD\u00ddCH \u0160ACHISTOV<\/span><\/p>\n<p style=\"text-align: center;\"><img loading=\"lazy\" decoding=\"async\" class=\"size-medium wp-image-57 aligncenter\" src=\"http:\/\/chesszv.sk\/wp-content\/uploads\/msach.gif\" alt=\"msach\" width=\"337\" height=\"265\" \/><\/p>\n","protected":false},"excerpt":{"rendered":"<p>\u00a0\u0160ACHOV\u00dd KALEND\u00c1R 21.12.2019 VIANO\u010cN\u00dd \u0160ACHOV\u00dd TURNAJ OPEN \u2013 V\u00ddSLEDKY \u0160tartovn\u00e1 listina:\u00a0\u010d\u00edtaj tu\u00a0\u00a0 \/\u00a0\u00a0FOTO 17.12.2016 VIANO\u010cN\u00dd \u0160ACHOV\u00dd \u00a0TURNAJ \u00a0OPEN Re\u0161taur\u00e1cia CENTRUM, Koza\u010dekova 8, ZVOLEN Propoz\u00edcie:\u00a0\u010d\u00edtaj tu \u0160tartovn\u00e1 listina:\u00a0\u010d\u00edtaj tu\u00a0\u00a0 \/\u00a0 V\u00fdsledky:\u00a0\u010d\u00edtaj tu\u00a0\u00a0 \/ \u00a0\u00a0FOTO 1.\u00a0miesto: Milan Michali\u010dka, 2.\u00a0miesto: M\u00e1rton Urhegyi, 3.\u00a0miesto: Ladislav Bal\u00e1zs \u00a0 19.12.2015 VIANO\u010cN\u00dd \u0160ACHOV\u00dd \u00a0TURNAJ \u00a0OPEN Re\u0161taur\u00e1cia CENTRUM, Koza\u010dekova 8, ZVOLEN Propoz\u00edcie: \u010d\u00edtaj [&hellip;]<\/p>\n","protected":false},"author":1,"featured_media":0,"parent":0,"menu_order":0,"comment_status":"open","ping_status":"open","template":"","meta":{"footnotes":""},"class_list":["post-10","page","type-page","status-publish","hentry"],"_links":{"self":[{"href":"https:\/\/www.chesszv.sk\/index.php?rest_route=\/wp\/v2\/pages\/10","targetHints":{"allow":["GET"]}}],"collection":[{"href":"https:\/\/www.chesszv.sk\/index.php?rest_route=\/wp\/v2\/pages"}],"about":[{"href":"https:\/\/www.chesszv.sk\/index.php?rest_route=\/wp\/v2\/types\/page"}],"author":[{"embeddable":true,"href":"https:\/\/www.chesszv.sk\/index.php?rest_route=\/wp\/v2\/users\/1"}],"replies":[{"embeddable":true,"href":"https:\/\/www.chesszv.sk\/index.php?rest_route=%2Fwp%2Fv2%2Fcomments&post=10"}],"version-history":[{"count":71,"href":"https:\/\/www.chesszv.sk\/index.php?rest_route=\/wp\/v2\/pages\/10\/revisions"}],"predecessor-version":[{"id":864,"href":"https:\/\/www.chesszv.sk\/index.php?rest_route=\/wp\/v2\/pages\/10\/revisions\/864"}],"wp:attachment":[{"href":"https:\/\/www.chesszv.sk\/index.php?rest_route=%2Fwp%2Fv2%2Fmedia&parent=10"}],"curies":[{"name":"wp","href":"https:\/\/api.w.org\/{rel}","templated":true}]}}