{"id":253,"date":"2013-11-26T22:07:11","date_gmt":"2013-11-26T20:07:11","guid":{"rendered":"http:\/\/chesszv.sk\/?page_id=253"},"modified":"2017-10-28T10:39:47","modified_gmt":"2017-10-28T08:39:47","slug":"turnaje-2013","status":"publish","type":"page","link":"https:\/\/www.chesszv.sk\/?page_id=253","title":{"rendered":"Turnaje 2013"},"content":{"rendered":"<p class=\"gtfy-1 gtfy-2\" style=\"text-align: center;\">M\u00e1me za sebou&#8230;<\/p>\n<p style=\"text-align: center;\"><strong>15. RO\u010cN\u00cdK \u0160ACHOV\u00c9HO TURNAJA OPEN<\/strong><br \/>\n<em>O CENU REKTORA TU &#8211; ZVOLEN \/3. 11 2013 \/<br \/>\n<\/em>Propoz\u00edcie: \u010d\u00edtaj tu\u00a0\u00a0 \/\u00a0 V\u00fdsledky: \u010d\u00edtaj tu\u00a0 \/\u00a0 FOTO<\/p>\n<p style=\"text-align: center;\"><a href=\"http:\/\/chesszv.sk\/wp-content\/uploads\/vitaz.jpg\"><img loading=\"lazy\" decoding=\"async\" src=\"http:\/\/chesszv.sk\/wp-content\/uploads\/vitaz-300x225.jpg\" alt=\"OLYMPUS DIGITAL CAMERA\" width=\"300\" height=\"225\" \/><\/a><br \/>\nV\u00ed\u0165azi: 1. Toma R., 2. Gregor J., 3 . Koles\u00e1r P.<\/p>\n<p style=\"text-align: center;\"><strong> \u00a0 \u0160KOLSK\u00c9 MAJSTROVSTV\u00c1 OKRESU ZVOLEN<\/strong> <em> \/3. 11 2013 \/<\/em><br \/>\n<em>Vecn\u00e9 ceny, postup do krajsk\u00e9ho kola<br \/>\nPropoz\u00edcie: \u010d\u00edtaj tu\u00a0 \/\u00a0\u00a0V\u00fdsledky: \u010d\u00edtaj tu\u00a0 \/\u00a0 <a title=\"FOTKY\" href=\"https:\/\/www.facebook.com\/ChessZV\/media_set?set=a.10201842338811633.1073741829.1577664829&amp;type=3\" target=\"_blank\">FOTO<\/a><a title=\"Open_15roc\" href=\"\/DOC\/Majstrovstva_okresu_skol_sach_2013.pdf\" target=\"_blank\"><br \/>\n<\/a> <\/em><\/p>\n<p style=\"text-align: center;\"><a href=\"http:\/\/chesszv.sk\/wp-content\/uploads\/vitazi2.jpg\"><img loading=\"lazy\" decoding=\"async\" src=\"http:\/\/chesszv.sk\/wp-content\/uploads\/vitazi2-300x225.jpg\" alt=\"OLYMPUS DIGITAL CAMERA\" width=\"300\" height=\"225\" \/><\/a><br \/>\nV\u00ed\u0165azi: 1. Bern\u00e1th P., 2. Moj\u017ei\u0161 T., 3. Katri\u0148\u00e1k A.<\/p>\n","protected":false},"excerpt":{"rendered":"<p>M\u00e1me za sebou&#8230; 15. RO\u010cN\u00cdK \u0160ACHOV\u00c9HO TURNAJA OPEN O CENU REKTORA TU &#8211; ZVOLEN \/3. 11 2013 \/ Propoz\u00edcie: \u010d\u00edtaj tu\u00a0\u00a0 \/\u00a0 V\u00fdsledky: \u010d\u00edtaj tu\u00a0 \/\u00a0 FOTO V\u00ed\u0165azi: 1. Toma R., 2. Gregor J., 3 . Koles\u00e1r P. \u00a0 \u0160KOLSK\u00c9 MAJSTROVSTV\u00c1 OKRESU ZVOLEN \/3. 11 2013 \/ Vecn\u00e9 ceny, postup do krajsk\u00e9ho kola Propoz\u00edcie: \u010d\u00edtaj [&hellip;]<\/p>\n","protected":false},"author":2,"featured_media":0,"parent":10,"menu_order":0,"comment_status":"open","ping_status":"open","template":"","meta":{"_gutenify_countdown_timer_type":"fixed","_gutenify_countdown_timer_evergreen_hours":24,"_gutenify_countdown_timer_evergreen_minutes":0,"_gutenify_countdown_timer_date":"","_gutenify_countdown_timer_timezone":"US\/Eastern","_gutenify_countdown_timer_end_action":"none","_gutenify_countdown_timer_hide_selector":"","_gutenify_countdown_timer_redirect_url":"","footnotes":""},"class_list":["post-253","page","type-page","status-publish","hentry"],"_links":{"self":[{"href":"https:\/\/www.chesszv.sk\/index.php?rest_route=\/wp\/v2\/pages\/253","targetHints":{"allow":["GET"]}}],"collection":[{"href":"https:\/\/www.chesszv.sk\/index.php?rest_route=\/wp\/v2\/pages"}],"about":[{"href":"https:\/\/www.chesszv.sk\/index.php?rest_route=\/wp\/v2\/types\/page"}],"author":[{"embeddable":true,"href":"https:\/\/www.chesszv.sk\/index.php?rest_route=\/wp\/v2\/users\/2"}],"replies":[{"embeddable":true,"href":"https:\/\/www.chesszv.sk\/index.php?rest_route=%2Fwp%2Fv2%2Fcomments&post=253"}],"version-history":[{"count":5,"href":"https:\/\/www.chesszv.sk\/index.php?rest_route=\/wp\/v2\/pages\/253\/revisions"}],"predecessor-version":[{"id":795,"href":"https:\/\/www.chesszv.sk\/index.php?rest_route=\/wp\/v2\/pages\/253\/revisions\/795"}],"up":[{"embeddable":true,"href":"https:\/\/www.chesszv.sk\/index.php?rest_route=\/wp\/v2\/pages\/10"}],"wp:attachment":[{"href":"https:\/\/www.chesszv.sk\/index.php?rest_route=%2Fwp%2Fv2%2Fmedia&parent=253"}],"curies":[{"name":"wp","href":"https:\/\/api.w.org\/{rel}","templated":true}]}}